{"id":27,"date":"2023-03-22T22:33:10","date_gmt":"2023-03-22T21:33:10","guid":{"rendered":"http:\/\/lapinap.cluster029.hosting.ovh.net\/?page_id=27"},"modified":"2025-08-31T10:44:38","modified_gmt":"2025-08-31T08:44:38","slug":"tarifs-et-licences","status":"publish","type":"page","link":"https:\/\/archers-haguenau.fr\/index.php\/tarifs-et-licences\/","title":{"rendered":"Tarifs et Licences"},"content":{"rendered":"\n<div class=\"wp-block-group alignwide is-layout-flow wp-block-group-is-layout-flow css-29\" >\n<h2 class=\"wp-block-heading has-medium-font-size\">Tarifs des cotisations de la saison 2025\/2026<\/h2>\n\n\n<div class=\"wp-block-columns alignwide is-stacked-on-mobile is-layout-flex wp-container-core-columns-is-layout-28f84493 wp-block-columns-is-layout-flex\" data-columns=\"4\">\n<div class=\"wp-block-column is-layout-flow wp-block-column-is-layout-flow\">\n<div class=\"wp-block-group has-global-padding is-layout-constrained wp-container-core-group-is-layout-19e250f3 wp-block-group-is-layout-constrained css-7\">\n<div class=\"wp-block-columns is-stacked-on-mobile is-layout-flex wp-container-core-columns-is-layout-28f84493 wp-block-columns-is-layout-flex\" data-columns=\"1\">\n<div class=\"wp-block-column is-layout-flow wp-block-column-is-layout-flow\">\n<h3 class=\"wp-block-heading has-text-align-center has-white-color has-text-color has-background has-medium-font-size css-1\"><strong>JEUNES<\/strong><\/h3>\n<\/div>\n<\/div>\n\n\n<div class=\"wp-block-columns is-stacked-on-mobile is-layout-flex wp-container-core-columns-is-layout-28f84493 wp-block-columns-is-layout-flex\" data-columns=\"1\">\n<div class=\"wp-block-column is-layout-flow wp-block-column-is-layout-flow\">\n<h2 class=\"wp-block-heading has-text-align-center has-background has-medium-font-size css-2\"><strong>95 &euro;<\/strong><\/h2>\n<\/div>\n<\/div>\n\n\n<div class=\"wp-block-columns has-background is-stacked-on-mobile is-layout-flex wp-container-core-columns-is-layout-28f84493 wp-block-columns-is-layout-flex css-4\" data-columns=\"1\">\n<div class=\"wp-block-column is-layout-flow wp-block-column-is-layout-flow\">\n<ul class=\"wp-block-list is-layout-flex wp-container-core-list-is-layout-b4ed5e9a wp-block-list-is-layout-flex css-3\">\n<li class=\"has-normal-font-size\">Part FFTA : 28 &euro;<\/li>\n\n\n\n<li>Part R&eacute;gion : 15 &euro;<\/li>\n\n\n\n<li>Part D&eacute;partement : 7 &euro;<\/li>\n\n\n\n<li>Part du Club : 45 &euro;<\/li>\n<\/ul>\n<\/div>\n<\/div>\n\n\n<div class=\"wp-block-columns has-accent-background-color has-background is-stacked-on-mobile is-layout-flex wp-container-core-columns-is-layout-43102255 wp-block-columns-is-layout-flex css-6\" data-columns=\"1\">\n<div class=\"wp-block-column is-layout-flow wp-block-column-is-layout-flow\">\n<p class=\"has-normal-font-size css-5\">Pour les jeunes tireurs &agrave; partir de 10 ans. La pratique en comp&eacute;titions est possible.<\/p>\n<\/div>\n<\/div>\n<\/div>\n<\/div>\n\n\n\n<div class=\"wp-block-column is-layout-flow wp-block-column-is-layout-flow\">\n<div class=\"wp-block-group has-global-padding is-layout-constrained wp-container-core-group-is-layout-19e250f3 wp-block-group-is-layout-constrained css-14\">\n<div class=\"wp-block-columns is-stacked-on-mobile is-layout-flex wp-container-core-columns-is-layout-28f84493 wp-block-columns-is-layout-flex\" data-columns=\"1\">\n<div class=\"wp-block-column is-layout-flow wp-block-column-is-layout-flow\">\n<h3 class=\"wp-block-heading has-text-align-center has-white-color has-text-color has-background has-medium-font-size css-8\"><strong>LOISIRS<\/strong><\/h3>\n<\/div>\n<\/div>\n\n\n<div class=\"wp-block-columns is-stacked-on-mobile is-layout-flex wp-container-core-columns-is-layout-28f84493 wp-block-columns-is-layout-flex\" data-columns=\"1\">\n<div class=\"wp-block-column is-layout-flow wp-block-column-is-layout-flow\">\n<h2 class=\"wp-block-heading has-text-align-center has-background has-medium-font-size css-9\"><strong>112 &euro;<\/strong><\/h2>\n<\/div>\n<\/div>\n\n\n<div class=\"wp-block-columns has-background is-stacked-on-mobile is-layout-flex wp-container-core-columns-is-layout-28f84493 wp-block-columns-is-layout-flex css-11\" data-columns=\"1\">\n<div class=\"wp-block-column is-layout-flow wp-block-column-is-layout-flow\">\n<ul class=\"wp-block-list is-layout-flex wp-container-core-list-is-layout-b4ed5e9a wp-block-list-is-layout-flex css-10\">\n<li>Part FFTA : 38 &euro;<\/li>\n\n\n\n<li class=\"has-normal-font-size\">Part R&eacute;gion : 22 &euro;<\/li>\n\n\n\n<li>Part D&eacute;partement : 7 &euro;<\/li>\n\n\n\n<li>Part du Club : 45 &euro;<\/li>\n<\/ul>\n<\/div>\n<\/div>\n\n\n<div class=\"wp-block-columns has-accent-background-color has-background is-stacked-on-mobile is-layout-flex wp-container-core-columns-is-layout-43102255 wp-block-columns-is-layout-flex css-13\" data-columns=\"1\">\n<div class=\"wp-block-column is-layout-flow wp-block-column-is-layout-flow\">\n<p class=\"has-normal-font-size css-12\">Licence adulte pour pratiquer le tir &agrave; l&rsquo;arc en mode loisir.<\/p>\n<\/div>\n<\/div>\n<\/div>\n<\/div>\n\n\n\n<div class=\"wp-block-column is-layout-flow wp-block-column-is-layout-flow\">\n<div class=\"wp-block-group has-global-padding is-layout-constrained wp-container-core-group-is-layout-19e250f3 wp-block-group-is-layout-constrained css-21\">\n<div class=\"wp-block-columns is-stacked-on-mobile is-layout-flex wp-container-core-columns-is-layout-28f84493 wp-block-columns-is-layout-flex\" data-columns=\"1\">\n<div class=\"wp-block-column is-layout-flow wp-block-column-is-layout-flow\">\n<h3 class=\"wp-block-heading has-text-align-center has-white-color has-text-color has-background has-medium-font-size css-15\"><strong>COMPETITION<\/strong><\/h3>\n<\/div>\n<\/div>\n\n\n<div class=\"wp-block-columns is-stacked-on-mobile is-layout-flex wp-container-core-columns-is-layout-28f84493 wp-block-columns-is-layout-flex\" data-columns=\"1\">\n<div class=\"wp-block-column is-layout-flow wp-block-column-is-layout-flow\">\n<h2 class=\"wp-block-heading has-text-align-center has-background has-medium-font-size css-16\"><strong>123 &euro;<\/strong><\/h2>\n<\/div>\n<\/div>\n\n\n<div class=\"wp-block-columns has-background is-stacked-on-mobile is-layout-flex wp-container-core-columns-is-layout-28f84493 wp-block-columns-is-layout-flex css-18\" data-columns=\"1\">\n<div class=\"wp-block-column is-layout-flow wp-block-column-is-layout-flow\">\n<ul class=\"wp-block-list is-layout-flex wp-container-core-list-is-layout-b4ed5e9a wp-block-list-is-layout-flex css-17\">\n<li>Part FFTA : 46 &euro;<\/li>\n\n\n\n<li>Part R&eacute;gion : 23 &euro;<\/li>\n\n\n\n<li>Part D&eacute;partement : 9 &euro;<\/li>\n\n\n\n<li class=\"has-normal-font-size\">Part du Club : 45 &euro;<\/li>\n<\/ul>\n<\/div>\n<\/div>\n\n\n<div class=\"wp-block-columns has-accent-background-color has-background is-stacked-on-mobile is-layout-flex wp-container-core-columns-is-layout-43102255 wp-block-columns-is-layout-flex css-20\" data-columns=\"1\">\n<div class=\"wp-block-column is-layout-flow wp-block-column-is-layout-flow\">\n<p class=\"has-normal-font-size css-19\">Licence adulte pour la pratique du tir &agrave; l&rsquo;arc en comp&eacute;tition.<\/p>\n<\/div>\n<\/div>\n<\/div>\n<\/div>\n\n\n\n<div class=\"wp-block-column is-layout-flow wp-block-column-is-layout-flow\">\n<div class=\"wp-block-group has-global-padding is-layout-constrained wp-container-core-group-is-layout-19e250f3 wp-block-group-is-layout-constrained css-28\">\n<div class=\"wp-block-columns is-stacked-on-mobile is-layout-flex wp-container-core-columns-is-layout-28f84493 wp-block-columns-is-layout-flex\" data-columns=\"1\">\n<div class=\"wp-block-column is-layout-flow wp-block-column-is-layout-flow\">\n<h3 class=\"wp-block-heading has-text-align-center has-white-color has-text-color has-background has-medium-font-size css-22\"><strong>DECOUVERTE<\/strong><\/h3>\n<\/div>\n<\/div>\n\n\n<div class=\"wp-block-columns is-stacked-on-mobile is-layout-flex wp-container-core-columns-is-layout-28f84493 wp-block-columns-is-layout-flex\" data-columns=\"1\">\n<div class=\"wp-block-column is-layout-flow wp-block-column-is-layout-flow\">\n<h2 class=\"wp-block-heading has-text-align-center has-background has-medium-font-size css-23\"><strong>46 &euro;<\/strong><\/h2>\n<\/div>\n<\/div>\n\n\n<div class=\"wp-block-columns has-background is-stacked-on-mobile is-layout-flex wp-container-core-columns-is-layout-28f84493 wp-block-columns-is-layout-flex css-25\" data-columns=\"1\">\n<div class=\"wp-block-column is-layout-flow wp-block-column-is-layout-flow\">\n<ul class=\"wp-block-list is-layout-flex wp-container-core-list-is-layout-b4ed5e9a wp-block-list-is-layout-flex css-24\">\n<li>Part FFTA : 17 &euro;<\/li>\n\n\n\n<li class=\"has-normal-font-size\">Part R&eacute;gion : 4 &euro;<\/li>\n\n\n\n<li>Part D&eacute;partement : 2 &euro;<\/li>\n\n\n\n<li>Part du Club : 24 &euro;<\/li>\n<\/ul>\n<\/div>\n<\/div>\n\n\n<div class=\"wp-block-columns has-accent-background-color has-background is-stacked-on-mobile is-layout-flex wp-container-core-columns-is-layout-43102255 wp-block-columns-is-layout-flex css-27\" data-columns=\"1\">\n<div class=\"wp-block-column is-layout-flow wp-block-column-is-layout-flow\">\n<p class=\"has-normal-font-size css-26\">A partir du 1er mars pour les personnes n&rsquo;ayant jamais &eacute;t&eacute; licenci&eacute;es.<\/p>\n<\/div>\n<\/div>\n<\/div>\n<\/div>\n<\/div>\n<\/div>\n\n\n\n<div class=\"wp-block-group alignwide is-layout-flow wp-block-group-is-layout-flow css-31\" >\n<div style=\"height:30px\" aria-hidden=\"true\" class=\"wp-block-spacer\"><\/div>\n\n\n\n<h2 class=\"wp-block-heading alignwide is-style-default has-medium-font-size css-30\" ><strong>Renouvellement de votre licence pour la saison 2025-2026<\/strong><\/h2>\n\n\n\n<p class=\"has-normal-font-size\">Si vous \u00e9tiez d\u00e9j\u00e0 licenci\u00e9 chez les Archers de Haguenau pendant la saison 2024-2025, vous avez maintenant la possibilit\u00e9 de renouveler votre licence en ligne \u00e0 partir de votre espace licenci\u00e9 sur le site de la FFTA.<\/p>\n\n\n\n<p class=\"has-normal-font-size\">Vous pouvez suivre le <a href=\"https:\/\/archers-haguenau.fr\/wp-content\/uploads\/2023\/09\/Tutoriel-Site-FFTA.pdf\" target=\"_blank\" rel=\"noreferrer noopener\">guide<\/a> que nous avons cr\u00e9\u00e9. Avant de renouveler votre licence merci de lire les documents visibles sur la page \u00ab\u00a0<a href=\"https:\/\/www.ffta.fr\/node\/3728\">Adh\u00e9sion<\/a>\u00a0\u00bb de la FFTA. Cette page contient toutes les informations concernant le renouvellement de votre licence, l&rsquo;assurance de la FFTA ainsi que le questionnaire de sant\u00e9 qui vous permettra de savoir si vous avez besoin ou non d&rsquo;un certificat m\u00e9dical.<\/p>\n\n\n\n<div style=\"height:30px\" aria-hidden=\"true\" class=\"wp-block-spacer\"><\/div>\n\n\n\n<h2 class=\"wp-block-heading alignwide has-medium-font-size\"><strong>Nouveaux licenci\u00e9s<\/strong><\/h2>\n\n\n\n<h2 class=\"wp-block-heading alignwide has-medium-font-size\">Les s\u00e9ances d&rsquo;essais<\/h2>\n\n\n\n<p class=\"has-normal-font-size\">Vous n&rsquo;\u00eates pas encore certain de vouloir vous inscrire ? Profitez de 2 s\u00e9ances d&rsquo;essai pour un prix de 30 euros et venez essayer le tir \u00e0 l&rsquo;arc. Si vous confirmez votre inscription apr\u00e8s ces deux s\u00e9ances, leur prix sera d\u00e9duit du prix de la licence.<\/p>\n\n\n\n<h2 class=\"wp-block-heading alignwide has-medium-font-size\">Droit d&rsquo;entr\u00e9e<\/h2>\n\n\n\n<p>Un droit d&rsquo;entr\u00e9e forfaitaire de 25 \u20ac est \u00e0 ajouter au co\u00fbt de la licence la 1\u00e8re ann\u00e9e uniquement.<\/p>\n\n\n\n<h2 class=\"wp-block-heading alignwide has-medium-font-size\">Pr\u00eat du mat\u00e9riel<\/h2>\n\n\n\n<p class=\"has-normal-font-size\">Pendant les s\u00e9ances d&rsquo;essais, le club pr\u00eate tout le mat\u00e9riel d&rsquo;initiation. \u00c0 la fin des deux s\u00e9ances d&rsquo;essais, vous devrez poss\u00e9der 12 fl\u00e8ches, un carquois, une palette, un prot\u00e8ge-bras, un extracteur de fl\u00e8ches et une dragonne. Ce mat\u00e9riel peut \u00eatre achet\u00e9 dans les magasins d&rsquo;archerie de la r\u00e9gion.<\/p>\n\n\n\n<p class=\"has-normal-font-size\">L&rsquo;arc d&rsquo;initiation vous sera pr\u00eat\u00e9 pendant la premi\u00e8re ann\u00e9e de pratique.<\/p>\n\n\n\n<p class=\"has-normal-font-size\">Les entraineurs sont \u00e0 votre disposition pour vous aider lors de l&rsquo;achat de votre mat\u00e9riel neuf ou d&rsquo;occasion.<\/p>\n\n\n\n<h2 class=\"wp-block-heading alignwide has-medium-font-size\">Formation adultes la premi\u00e8re ann\u00e9e<\/h2>\n\n\n\n<p class=\"has-normal-font-size\">Lors de votre premi\u00e8re inscription dans le club des Archers de Haguenau, vous devrez suivre 10 s\u00e9ances de formation qui vous permettront de pratiquer le tir \u00e0 l&rsquo;arc en toute s\u00e9curit\u00e9 et de partir avec les bonnes bases. <\/p>\n\n\n\n<h2 class=\"wp-block-heading alignwide has-medium-font-size\">Le certificat m\u00e9dical<\/h2>\n\n\n\n<p class=\"has-text-align-left has-normal-font-size\">Le certificat medical n&rsquo;est plus obligatoire. Il est de la responsabilit\u00e9 de chacun de s&rsquo;assurer que son \u00e9tat de sant\u00e9 lui permet de pratiquer le tir \u00e0 l&rsquo;arc en toute s\u00e9curit\u00e9. N&rsquo;h\u00e9sitez pas \u00e0 vous rendre chez votre m\u00e9decin traitant en cas de doute. Le questionnaire de sant\u00e9 de la FFTA doit vous permettre d&rsquo;\u00e9valuer si vous avez besoin, ou non, d&rsquo;un certificat m\u00e9dical, vous pourrez le trouver sur la page \u00ab\u00a0<a href=\"https:\/\/www.ffta.fr\/node\/3728\">Adh\u00e9sion<\/a>\u00a0\u00bb de la FFTA. Merci de le remplir de votre cot\u00e9, vous ne devez pas nous le remettre lors de l&rsquo;inscription.<\/p>\n\n\n\n<h2 class=\"wp-block-heading alignwide has-medium-font-size\">Les documents \u00e0 fournir<\/h2>\n\n\n\n<p>Afin de vous inscrire dans notre club, merci de compl\u00e9ter le formulaire <a href=\"https:\/\/www.ffta.fr\/sites\/default\/files\/2025-08\/Formulaire%20cr\u00e9ation%20renouvellement%20licence%20V5.pdf\">d&rsquo;inscription de la FFTA<\/a> et de nous le renvoyer par email \u00e0 l&rsquo;adresse contact@archers-haguenau avant la premi\u00e8re s\u00e9ance d\u00e9couverte.<\/p>\n\n\n\n<div style=\"height:30px\" aria-hidden=\"true\" class=\"wp-block-spacer\"><\/div>\n<\/div>\n\n\n\n<p><\/p>\n","protected":false},"excerpt":{"rendered":"<p>Tarifs des cotisations de la saison 2025\/2026 JEUNES 95 \u20ac Pour les jeunes tireurs \u00e0 partir de 10 ans. La [&hellip;]<\/p>\n","protected":false},"author":1,"featured_media":36,"parent":0,"menu_order":0,"comment_status":"closed","ping_status":"closed","template":"","meta":{"footnotes":""},"class_list":{"0":"post-27","1":"page","2":"type-page","3":"status-publish","4":"has-post-thumbnail","6":"entry"},"_links":{"self":[{"href":"https:\/\/archers-haguenau.fr\/index.php\/wp-json\/wp\/v2\/pages\/27","targetHints":{"allow":["GET"]}}],"collection":[{"href":"https:\/\/archers-haguenau.fr\/index.php\/wp-json\/wp\/v2\/pages"}],"about":[{"href":"https:\/\/archers-haguenau.fr\/index.php\/wp-json\/wp\/v2\/types\/page"}],"author":[{"embeddable":true,"href":"https:\/\/archers-haguenau.fr\/index.php\/wp-json\/wp\/v2\/users\/1"}],"replies":[{"embeddable":true,"href":"https:\/\/archers-haguenau.fr\/index.php\/wp-json\/wp\/v2\/comments?post=27"}],"version-history":[{"count":76,"href":"https:\/\/archers-haguenau.fr\/index.php\/wp-json\/wp\/v2\/pages\/27\/revisions"}],"predecessor-version":[{"id":3693,"href":"https:\/\/archers-haguenau.fr\/index.php\/wp-json\/wp\/v2\/pages\/27\/revisions\/3693"}],"wp:featuredmedia":[{"embeddable":true,"href":"https:\/\/archers-haguenau.fr\/index.php\/wp-json\/wp\/v2\/media\/36"}],"wp:attachment":[{"href":"https:\/\/archers-haguenau.fr\/index.php\/wp-json\/wp\/v2\/media?parent=27"}],"curies":[{"name":"wp","href":"https:\/\/api.w.org\/{rel}","templated":true}]}}